{"id":138,"date":"2015-03-23T11:08:53","date_gmt":"2015-03-23T10:08:53","guid":{"rendered":"http:\/\/goobanc.hu\/?page_id=138"},"modified":"2015-05-26T16:02:28","modified_gmt":"2015-05-26T15:02:28","slug":"kiallitas-szallitas","status":"publish","type":"page","link":"http:\/\/goobanc.hu\/?page_id=138","title":{"rendered":"Ki\u00e1ll\u00edt\u00e1s sz\u00e1ll\u00edt\u00e1s"},"content":{"rendered":"<ul>\n<li>k\u00e9pz\u0151m\u0171v\u00e9szeti ki\u00e1ll\u00edt\u00e1sok<\/li>\n<li>design v\u00e1s\u00e1rok<\/li>\n<li>alkot\u00f3i k\u00f6z\u00f6ss\u00e9gek<\/li>\n<li>m\u0171v\u00e9sztelepek<\/li>\n<\/ul>\n<p><strong>szervez\u0151inek figyelm\u00e9be aj\u00e1nljuk: <\/strong>sz\u00e1ll\u00edt\u00e1si tev\u00e9kenys\u00e9g\u00fcnket.<\/p>\n<p>T\u00f6bb \u00e9ves hazai \u00e9s nemzetk\u00f6zi sz\u00e1ll\u00edt\u00e1si tapasztalattal.<\/p>\n<p>Sz\u00e1ll\u00edtottuk t\u00f6bbek k\u00f6z\u00f6tt:<\/p>\n<ul>\n<li>ROV\u00c1S Akad\u00e9mia ki\u00e1ll\u00edt\u00e1sait (Kassa, Szlov\u00e1kia)<\/li>\n<li>DESIGN TERMIN\u00c1L ki\u00e1ll\u00edt\u00e1sait (Br\u00fcsszel, London)<\/li>\n<li>Cs\u00e1ji Attila alkot\u00e1sait<\/li>\n<li>Dienes Attila alkot\u00e1sait<\/li>\n<li>Szab\u00f3 Ott\u00f3 alkot\u00e1sait<\/li>\n<li>Parragh Emil alkot\u00e1sait<\/li>\n<\/ul>\n<p>Ahova mi sz\u00e1ll\u00edtottunk:<\/p>\n<ul>\n<li><a href=\"http:\/\/paripamarket.blogspot.hu\/\">PARIPA<\/a><\/li>\n<li><a href=\"http:\/\/www.brusszel.balassiintezet.hu\/hu\/2011-12-07-10-14-03\/7-slideshow\/426-ajandek-terminal-karacsonyi-design-vasar\/\">Aj\u00e1nd\u00e9k Termin\u00e1l<\/a><\/li>\n<li><a class=\"PostHeader\" href=\"http:\/\/www.brusszel.balassiintezet.hu\/hu\/2011-12-07-10-14-03\/7-slideshow\/576-popandshop\">Pop&amp;shop Design V\u00e1s\u00e1r<\/a><\/li>\n<li><a href=\"http:\/\/divany.hu\/raktar\/2015\/05\/22\/londonban_mutatkoznak_be_a_magyar_dizajnerek\/\">PULSE London 2015<\/a>:<\/li>\n<\/ul>\n<blockquote><p><a href=\"http:\/\/divany.hu\/raktar\/2015\/05\/22\/londonban_mutatkoznak_be_a_magyar_dizajnerek\/\">A Pulse London Eur\u00f3pa egyik legnagyobb kereskedelmi v\u00e1s\u00e1ra, ahol a Design Terminal \u00e9s a Hu9+ Collective seg\u00edts\u00e9g\u00e9vel a nemzetk\u00f6zi m\u00e1rk\u00e1k mellett 14 magyar tervez\u0151 is bemutatkozhatott. <\/a><\/p><\/blockquote>\n<p><strong>K\u00e9rjen t\u0151l\u00fcnk \u00e1raj\u00e1nlatot el\u00e9rhet\u0151s\u00e9geink valamelyik\u00e9n!<\/strong><\/p>\n","protected":false},"excerpt":{"rendered":"<p>k\u00e9pz\u0151m\u0171v\u00e9szeti ki\u00e1ll\u00edt\u00e1sok design v\u00e1s\u00e1rok alkot\u00f3i k\u00f6z\u00f6ss\u00e9gek m\u0171v\u00e9sztelepek szervez\u0151inek figyelm\u00e9be aj\u00e1nljuk: sz\u00e1ll\u00edt\u00e1si tev\u00e9kenys\u00e9g\u00fcnket. T\u00f6bb \u00e9ves hazai \u00e9s nemzetk\u00f6zi sz\u00e1ll\u00edt\u00e1si tapasztalattal. Sz\u00e1ll\u00edtottuk t\u00f6bbek k\u00f6z\u00f6tt: ROV\u00c1S Akad\u00e9mia ki\u00e1ll\u00edt\u00e1sait (Kassa, Szlov\u00e1kia) DESIGN TERMIN\u00c1L ki\u00e1ll\u00edt\u00e1sait (Br\u00fcsszel, London) Cs\u00e1ji Attila alkot\u00e1sait Dienes Attila alkot\u00e1sait Szab\u00f3 Ott\u00f3 alkot\u00e1sait Parragh Emil alkot\u00e1sait Ahova mi sz\u00e1ll\u00edtottunk: PARIPA Aj\u00e1nd\u00e9k Termin\u00e1l\u2026 <a class=\"continue-reading-link\" href=\"http:\/\/goobanc.hu\/?page_id=138\">Continue reading<\/a><\/p>\n","protected":false},"author":2,"featured_media":0,"parent":32,"menu_order":0,"comment_status":"closed","ping_status":"closed","template":"","meta":{"footnotes":""},"class_list":["post-138","page","type-page","status-publish","hentry"],"_links":{"self":[{"href":"http:\/\/goobanc.hu\/index.php?rest_route=\/wp\/v2\/pages\/138","targetHints":{"allow":["GET"]}}],"collection":[{"href":"http:\/\/goobanc.hu\/index.php?rest_route=\/wp\/v2\/pages"}],"about":[{"href":"http:\/\/goobanc.hu\/index.php?rest_route=\/wp\/v2\/types\/page"}],"author":[{"embeddable":true,"href":"http:\/\/goobanc.hu\/index.php?rest_route=\/wp\/v2\/users\/2"}],"replies":[{"embeddable":true,"href":"http:\/\/goobanc.hu\/index.php?rest_route=%2Fwp%2Fv2%2Fcomments&post=138"}],"version-history":[{"count":7,"href":"http:\/\/goobanc.hu\/index.php?rest_route=\/wp\/v2\/pages\/138\/revisions"}],"predecessor-version":[{"id":147,"href":"http:\/\/goobanc.hu\/index.php?rest_route=\/wp\/v2\/pages\/138\/revisions\/147"}],"up":[{"embeddable":true,"href":"http:\/\/goobanc.hu\/index.php?rest_route=\/wp\/v2\/pages\/32"}],"wp:attachment":[{"href":"http:\/\/goobanc.hu\/index.php?rest_route=%2Fwp%2Fv2%2Fmedia&parent=138"}],"curies":[{"name":"wp","href":"https:\/\/api.w.org\/{rel}","templated":true}]}}