{"id":24,"date":"2013-11-02T21:04:44","date_gmt":"2013-11-02T20:04:44","guid":{"rendered":"http:\/\/goobanc.hu\/?page_id=24"},"modified":"2025-05-25T22:30:39","modified_gmt":"2025-05-25T21:30:39","slug":"teszt-oldal","status":"publish","type":"page","link":"http:\/\/goobanc.hu\/?page_id=24","title":{"rendered":"Kapcsolat"},"content":{"rendered":"\n<p>El\u00e9rhet\u0151s\u00e9gek:<\/p>\n\n\n\n<p>E-mail: info(@)goobanc(.)hu<br>\nTel.: +36209559457 | +36204375053<\/p>\n\n\n\n<p>C\u00e9gadatok:<br> <strong>GOOBANC Informatikai \u00e9s Kultur\u00e1lis Szolg\u00e1ltat\u00f3 Bet\u00e9ti T\u00e1rsas\u00e1g<br><br>1174 Budapest, Klapka u. 27.<br><br>Ad\u00f3sz\u00e1m: 22543679-2-42<br><br>K\u00f6z\u00f6ss\u00e9gi ad\u00f3sz\u00e1m: HU22543679<\/strong><strong><br><br>C\u00e9gjegyz\u00e9ksz\u00e1m:01-06-779351<\/strong><\/p>\n\n\n\n<p>Banki adatok:<\/p>\n\n\n\n<p><strong>Banksz\u00e1mlasz\u00e1m: 65100400-11058973-00000000<\/strong><br><br> <strong> IBAN: HU25 6510 0400 1105 8973 0000 0000<\/strong><br> <strong> SWIFT: TAKBHUHB<\/strong><\/p>\n\n\n\n<p>&nbsp;<\/p>\n\n\n\n<p>&nbsp;<\/p>\n","protected":false},"excerpt":{"rendered":"<p>El\u00e9rhet\u0151s\u00e9gek: E-mail: info(@)goobanc(.)hu Tel.: +36209559457 | +36204375053 C\u00e9gadatok: GOOBANC Informatikai \u00e9s Kultur\u00e1lis Szolg\u00e1ltat\u00f3 Bet\u00e9ti T\u00e1rsas\u00e1g 1174 Budapest, Klapka u. 27. Ad\u00f3sz\u00e1m: 22543679-2-42 K\u00f6z\u00f6ss\u00e9gi ad\u00f3sz\u00e1m: HU22543679 C\u00e9gjegyz\u00e9ksz\u00e1m:01-06-779351 Banki adatok: Banksz\u00e1mlasz\u00e1m: 65100400-11058973-00000000 IBAN: HU25 6510 0400 1105 8973 0000 0000 SWIFT: TAKBHUHB &nbsp; &nbsp; <a class=\"continue-reading-link\" href=\"http:\/\/goobanc.hu\/?page_id=24\">Continue reading<\/a><\/p>\n","protected":false},"author":2,"featured_media":0,"parent":0,"menu_order":0,"comment_status":"closed","ping_status":"closed","template":"","meta":{"footnotes":""},"class_list":["post-24","page","type-page","status-publish","hentry"],"_links":{"self":[{"href":"http:\/\/goobanc.hu\/index.php?rest_route=\/wp\/v2\/pages\/24","targetHints":{"allow":["GET"]}}],"collection":[{"href":"http:\/\/goobanc.hu\/index.php?rest_route=\/wp\/v2\/pages"}],"about":[{"href":"http:\/\/goobanc.hu\/index.php?rest_route=\/wp\/v2\/types\/page"}],"author":[{"embeddable":true,"href":"http:\/\/goobanc.hu\/index.php?rest_route=\/wp\/v2\/users\/2"}],"replies":[{"embeddable":true,"href":"http:\/\/goobanc.hu\/index.php?rest_route=%2Fwp%2Fv2%2Fcomments&post=24"}],"version-history":[{"count":12,"href":"http:\/\/goobanc.hu\/index.php?rest_route=\/wp\/v2\/pages\/24\/revisions"}],"predecessor-version":[{"id":176,"href":"http:\/\/goobanc.hu\/index.php?rest_route=\/wp\/v2\/pages\/24\/revisions\/176"}],"wp:attachment":[{"href":"http:\/\/goobanc.hu\/index.php?rest_route=%2Fwp%2Fv2%2Fmedia&parent=24"}],"curies":[{"name":"wp","href":"https:\/\/api.w.org\/{rel}","templated":true}]}}