{"id":56,"date":"2013-11-07T16:06:25","date_gmt":"2013-11-07T15:06:25","guid":{"rendered":"http:\/\/goobanc.hu\/?page_id=56"},"modified":"2018-08-03T11:14:09","modified_gmt":"2018-08-03T10:14:09","slug":"referenciak","status":"publish","type":"page","link":"http:\/\/goobanc.hu\/?page_id=56","title":{"rendered":"Referenci\u00e1k"},"content":{"rendered":"<p><strong>Sz\u00ednh\u00e1zi projektek:<\/strong><\/p>\n<p>TOLDI musical k\u00f6ltem\u00e9ny | Spirit Sz\u00ednh\u00e1z el\u0151ad\u00e1sai | G\u00f6rbe T\u00fck\u00f6r Sz\u00ednh\u00e1z el\u0151ad\u00e1sai | HADART M\u0171v\u00e9szeti T\u00e1rsul\u00e1s el\u0151ad\u00e1sai | Ivancsics Ilona \u00e9s Sz\u00ednt\u00e1rsai el\u0151ad\u00e1sai | Zichy-Sz\u00edn M\u0171hely el\u0151ad\u00e1sai | Muharay Sz\u00ednh\u00e1z el\u0151ad\u00e1sai<\/p>\n<p><strong>K\u00f6zc\u00e9l\u00fa projektek:<\/strong><\/p>\n<p>Budapest F\u0151v\u00e1ros XVII. Ker\u00fclet R\u00e1kosmente \u00d6nkorm\u00e1nyzat\u00e1nak \u00e1llami megeml\u00e9kez\u00e9sei | F\u00f3t V\u00e1ros \u00d6nkorm\u00e1nyzat\u00e1nak rendezv\u00e9nyei | Csekovszky \u00c1rp\u00e1d M\u0171vel\u0151d\u00e9si H\u00e1z esem\u00e9nyei | R\u00e1koskerti K\u00f6z\u00f6ss\u00e9gi H\u00e1z programjai | R\u00e1koscsabai K\u00f6z\u00f6ss\u00e9gi H\u00e1z kiemelt rendezv\u00e9nyei | R\u00e1koshegyi esem\u00e9nyek | P\u00e1l Apostol Katolikus \u00c1ltal\u00e1nos Iskola \u00e9s Gimn\u00e1zium rendezv\u00e9nyei | R\u00e1kosmenti Adventi V\u00e1s\u00e1r kar\u00e1csonyi akusztikai atmoszf\u00e9ra megval\u00f3s\u00edt\u00e1sa | Lak\u00f3telepi Fesztiv\u00e1lok R\u00e1koskereszt\u00faron |\u00a0M\u00fazeumok \u00c9jszak\u00e1ja R\u00e1kosment\u00e9n\u00a0| Egerszal\u00f3ki Ifj\u00fas\u00e1gi Tal\u00e1lkoz\u00f3 \u00e9s Lelkigyakorlat | Bring\u00e1zz a Munk\u00e1ba kamp\u00e1nyesem\u00e9ny | Snell Gy\u00f6rgy, a budapesti Szent Istv\u00e1n Bazilika pl\u00e9b\u00e1nos\u00e1nak seg\u00e9dp\u00fcsp\u00f6ki mis\u00e9je | R\u00e1kosmenti Hagyom\u00e1ny\u0151rz\u0151 Rendv\u00e9delmi \u00e9s Katonai Napok | R\u00e1kosmenti Ebkavalk\u00e1d | Aranyk\u00fat-fesztiv\u00e1l<\/p>\n<p><strong>Koncertek:<\/strong><\/p>\n<p>Herencs\u00e1r Vikt\u00f3ria cimbalomhangversenyei | Neil Young s\u00e9t\u00e1ny | Kormor\u00e1n Memory Band | Asztalhoz Emberek | Tak\u00e1ts Tam\u00e1s Blues Band | Z\u00f6ld, a B\u00edbor Band | Ghymes gyerekkoncertek | Kiskal\u00e1sz zenekar | GESAROL | Jerry Lee&#8217;s Rock&amp;Roll Service | Madarak H\u00e1zibulizenekar | De\u00e1k Bill Blues Band | Nagy Fer\u00f3 \u00e9s a Beatrice | FON\u00d3 zenekar | Cimbalorhythm lemezbemutat\u00f3 koncert | Majsai G\u00e1bor \u00e9s a Fourtissimo Jazz Orchestra koncertje |\u00a0Gy\u00e1rf\u00e1s Istv\u00e1n \u00e9s zenekara\u00a0| Imperfectum egy\u00fcttes | CRUX egy\u00fcttes | Borka Zsolt | Pip\u00f3 J\u00f3zsef \u00e9s Bar\u00e1tai koncertje | P\u00c1TERROCK zenekar | Shalom Katolikus K\u00f6z\u00f6ss\u00e9g | Doors Memorial koncert | Soulbrakers koncert | Kiscip\u0151 koncert | Malek &amp; Walter (ea: Malek Andrea, Walter Lochmann) | DEAL zenekar (SK) | Societas Incognitorum\u00a0(CZ) | Wilfried Scharf (A) | Beaters Band | Bubor\u00e9k egy\u00fcttes | P\u00e9ter Szab\u00f3 Szilvia akusztik | T\u00f6r\u00f6k \u00c1d\u00e1m \u00e9s a MINI | Operett koncertek Gomb\u00e1n | Operett koncertek F\u00f3ton<\/p>\n<p><strong>El\u0151ad\u00e1sok, bemutat\u00f3k:<\/strong><\/p>\n<p>V\u00e1ci Dunakanyar Sz\u00ednh\u00e1z megnyit\u00f3 g\u00e1laestje | S\u00e1rdy (ea: Derzsi Gy\u00f6rgy) | \u00c1rva Bethlen Kata (ea: K\u00f6k\u00e9nyessy \u00c1gi) | Batyu Sz\u00ednh\u00e1z el\u0151ad\u00e1sai (ea: Kontha Nelli) | Charley N\u00e9nje (ea: P\u00f3dium Sz\u00ednh\u00e1z) | Keszekusza Var\u00e1zsp\u00e1lc\u00e1ja (ea: P\u00f3dium Sz\u00ednh\u00e1z) | Ko\u00f3s R\u00e9ka | Caramel | Majka &amp; Curtis | Reg\u0151s Kiss L\u00e1szl\u00f3 | Berkes Gabriella koncert a Sv\u00e9d Kereskedelmi Test\u00fclet Luca napj\u00e1n az InterContinental Hotelben | Orosz Zolt\u00e1n harmonikam\u0171v\u00e9sz koncertje | ATHINA &#8211; A nagy sz\u00fclinapi buli | A V\u00e1mp\u00edr megeszi a Fantomot reggelire (ea: Csengeri Attila, Egyh\u00e1zi G\u00e9za) | V\u00e1ci Dunakanyar Sz\u00ednh\u00e1z 1. sz\u00fclet\u00e9snapi g\u00e1laest | Godspell c. el\u0151ad\u00e1s a Vasutas Zeneiskola el\u0151ad\u00e1s\u00e1ban | Szarka Gyula: \u00c1mor \u00e9s az \u0151r\u00fclet c. lemezbemutat\u00f3 koncert\u00a0| Miszt\u00e9riumj\u00e1t\u00e9k: Karol Wojtyla \u00e9let\u00fatja | Ki fut a N\u0151 ut\u00e1n el\u0151ad\u00e1s (Ivancsics Ilona \u00e9s Sz\u00ednt\u00e1rsai) | Vadon N\u0151 (ea: Malek Andrea, F\u0171ry Anna, Lakatos R\u00f3bert) | AP\u00c1C\u00c1K musical (Hadart M\u0171v\u00e9szeti T\u00e1rsul\u00e1s) | Sej, szell\u0151k (Ivancsis Ilona \u00e9s Sz\u00ednt\u00e1rsai) | Leh\u00e1r (ea: Derzsi Gy\u00f6rgy) | Zichy \u00e9s Arany (Zichy-Sz\u00edn M\u0171hely) | T\u00fcnd\u00e9rlaki l\u00e1nyok (Muharay Sz\u00ednh\u00e1z) | Tisztelt H\u00e1z (Muharay Sz\u00ednh\u00e1z) | P\u00e1rnaember (Muharay Sz\u00ednh\u00e1z) | Sk\u00f3t M\u00e1mor (Ivancsics Ilona \u00e9s Sz\u00ednt\u00e1rsai) | Utaz\u00e1s a szempill\u00e1m m\u00f6g\u00f6tt (Zichy-Sz\u00edn M\u0171hely) | Panna, a P\u00f6tt\u00f6m (Hadart M\u0171v\u00e9szeti T\u00e1rsul\u00e1s) | Iboly\u00e1nt\u00fal (ea: Ol\u00e1h Ibolya, Fur\u00e1k P\u00e9ter)<\/p>\n<p><strong>Sport esem\u00e9nyek:<\/strong><\/p>\n<p>Ritmikus Sportgimnasztika versenyek | 525 CUP Streetball bajnoks\u00e1g | Er\u0151sember fedettp\u00e1ly\u00e1s orsz\u00e1gos bajnoks\u00e1g (2014, R\u00e1kosmente) | Katasztr\u00f3fav\u00e9delmi ker\u00fcleti verseny, R\u00e1kosmente (2014 \u00f3ta)<\/p>\n<p><strong>C\u00e9ges rendezv\u00e9nyek:<\/strong><\/p>\n<p>DECATHLON Magl\u00f3d gyermeknap | Sv\u00e9d Kereskedelmi Test\u00fclet Luca nap | DECATHLON Magl\u00f3d sportnap | Sv\u00e9d Kereskedelmi Test\u00fclet GRAN-G\u00e1la<\/p>\n","protected":false},"excerpt":{"rendered":"<p>Sz\u00ednh\u00e1zi projektek: TOLDI musical k\u00f6ltem\u00e9ny | Spirit Sz\u00ednh\u00e1z el\u0151ad\u00e1sai | G\u00f6rbe T\u00fck\u00f6r Sz\u00ednh\u00e1z el\u0151ad\u00e1sai | HADART M\u0171v\u00e9szeti T\u00e1rsul\u00e1s el\u0151ad\u00e1sai | Ivancsics Ilona \u00e9s Sz\u00ednt\u00e1rsai el\u0151ad\u00e1sai | Zichy-Sz\u00edn M\u0171hely el\u0151ad\u00e1sai | Muharay Sz\u00ednh\u00e1z el\u0151ad\u00e1sai K\u00f6zc\u00e9l\u00fa projektek: Budapest F\u0151v\u00e1ros XVII. Ker\u00fclet R\u00e1kosmente \u00d6nkorm\u00e1nyzat\u00e1nak \u00e1llami megeml\u00e9kez\u00e9sei | F\u00f3t V\u00e1ros \u00d6nkorm\u00e1nyzat\u00e1nak rendezv\u00e9nyei | Csekovszky\u2026 <a class=\"continue-reading-link\" href=\"http:\/\/goobanc.hu\/?page_id=56\">Continue reading<\/a><\/p>\n","protected":false},"author":2,"featured_media":0,"parent":0,"menu_order":0,"comment_status":"closed","ping_status":"closed","template":"templates\/template-onecolumn.php","meta":{"footnotes":""},"class_list":["post-56","page","type-page","status-publish","hentry"],"_links":{"self":[{"href":"http:\/\/goobanc.hu\/index.php?rest_route=\/wp\/v2\/pages\/56","targetHints":{"allow":["GET"]}}],"collection":[{"href":"http:\/\/goobanc.hu\/index.php?rest_route=\/wp\/v2\/pages"}],"about":[{"href":"http:\/\/goobanc.hu\/index.php?rest_route=\/wp\/v2\/types\/page"}],"author":[{"embeddable":true,"href":"http:\/\/goobanc.hu\/index.php?rest_route=\/wp\/v2\/users\/2"}],"replies":[{"embeddable":true,"href":"http:\/\/goobanc.hu\/index.php?rest_route=%2Fwp%2Fv2%2Fcomments&post=56"}],"version-history":[{"count":33,"href":"http:\/\/goobanc.hu\/index.php?rest_route=\/wp\/v2\/pages\/56\/revisions"}],"predecessor-version":[{"id":170,"href":"http:\/\/goobanc.hu\/index.php?rest_route=\/wp\/v2\/pages\/56\/revisions\/170"}],"wp:attachment":[{"href":"http:\/\/goobanc.hu\/index.php?rest_route=%2Fwp%2Fv2%2Fmedia&parent=56"}],"curies":[{"name":"wp","href":"https:\/\/api.w.org\/{rel}","templated":true}]}}